{"id":5888,"date":"2019-08-13T14:39:54","date_gmt":"2019-08-13T12:39:54","guid":{"rendered":"https:\/\/coupsdevents.com\/concours-international-de-composition-archives-2018\/"},"modified":"2019-08-18T14:18:26","modified_gmt":"2019-08-18T12:18:26","slug":"concours-international-de-composition-archives-2018","status":"publish","type":"page","link":"https:\/\/coupsdevents.com\/en\/concours-international-de-composition-archives-2018\/","title":{"rendered":"International Composition Competition &#8211; Archives 2018"},"content":{"rendered":"[vc_row][vc_column]<div class=\"owl-wrapper-outer\"><div class=\"vcex-module wpex-carousel wpex-carousel-images clr owl-carousel\" data-items=\"1\" data-slideby=\"1\" data-nav=\"false\" data-dots=\"false\" data-autoplay=\"true\" data-loop=\"true\" data-autoplay-timeout=\"3000\" data-center=\"true\" data-margin=\"0\" data-items-tablet=\"1\" data-items-mobile-landscape=\"1\" data-items-mobile-portrait=\"1\" data-smart-speed=\"150\" data-auto-height=\"true\" data-auto-width=\"false\"><div class=\"wpex-carousel-slide vc_custom_1563552911899\"><figure class=\"wpex-carousel-entry-media clr\"><img width=\"680\" height=\"380\" src=\"https:\/\/coupsdevents.com\/wp-content\/uploads\/2018\/06\/finale-CIC6-5.jpg\" class=\"attachment-full size-full\" alt=\"Finale du Concours International de Composition\" decoding=\"async\" loading=\"lazy\" data-no-lazy=\"1\" srcset=\"https:\/\/coupsdevents.com\/wp-content\/uploads\/2018\/06\/finale-CIC6-5.jpg 680w, https:\/\/coupsdevents.com\/wp-content\/uploads\/2018\/06\/finale-CIC6-5-300x168.jpg 300w, https:\/\/coupsdevents.com\/wp-content\/uploads\/2018\/06\/finale-CIC6-5-600x335.jpg 600w\" sizes=\"(max-width: 680px) 100vw, 680px\" \/><\/figure><\/div><div class=\"wpex-carousel-slide vc_custom_1563552911899\"><figure class=\"wpex-carousel-entry-media clr\"><img width=\"680\" height=\"380\" src=\"https:\/\/coupsdevents.com\/wp-content\/uploads\/2018\/06\/finale-CIC6-1.jpg\" class=\"attachment-full size-full\" alt=\"Finale du Concours International de Composition\" decoding=\"async\" loading=\"lazy\" data-no-lazy=\"1\" srcset=\"https:\/\/coupsdevents.com\/wp-content\/uploads\/2018\/06\/finale-CIC6-1.jpg 680w, https:\/\/coupsdevents.com\/wp-content\/uploads\/2018\/06\/finale-CIC6-1-300x168.jpg 300w, https:\/\/coupsdevents.com\/wp-content\/uploads\/2018\/06\/finale-CIC6-1-600x335.jpg 600w\" sizes=\"(max-width: 680px) 100vw, 680px\" \/><\/figure><\/div><div class=\"wpex-carousel-slide vc_custom_1563552911899\"><figure class=\"wpex-carousel-entry-media clr\"><img width=\"680\" height=\"380\" src=\"https:\/\/coupsdevents.com\/wp-content\/uploads\/2018\/06\/finale-CIC6-3.jpg\" class=\"attachment-full size-full\" alt=\"Finale du Concours International de Composition\" decoding=\"async\" loading=\"lazy\" data-no-lazy=\"1\" srcset=\"https:\/\/coupsdevents.com\/wp-content\/uploads\/2018\/06\/finale-CIC6-3.jpg 680w, https:\/\/coupsdevents.com\/wp-content\/uploads\/2018\/06\/finale-CIC6-3-300x168.jpg 300w, https:\/\/coupsdevents.com\/wp-content\/uploads\/2018\/06\/finale-CIC6-3-600x335.jpg 600w\" sizes=\"(max-width: 680px) 100vw, 680px\" \/><\/figure><\/div><div class=\"wpex-carousel-slide vc_custom_1563552911899\"><figure class=\"wpex-carousel-entry-media clr\"><img width=\"680\" height=\"380\" src=\"https:\/\/coupsdevents.com\/wp-content\/uploads\/2018\/06\/finale-CIC6-4.jpg\" class=\"attachment-full size-full\" alt=\"Finale du Concours International de Composition\" decoding=\"async\" loading=\"lazy\" data-no-lazy=\"1\" srcset=\"https:\/\/coupsdevents.com\/wp-content\/uploads\/2018\/06\/finale-CIC6-4.jpg 680w, https:\/\/coupsdevents.com\/wp-content\/uploads\/2018\/06\/finale-CIC6-4-300x168.jpg 300w, https:\/\/coupsdevents.com\/wp-content\/uploads\/2018\/06\/finale-CIC6-4-600x335.jpg 600w\" sizes=\"(max-width: 680px) 100vw, 680px\" \/><\/figure><\/div><\/div><\/div>[vc_column_text]\n<h2>6th edition of the International Composition Competition for Wind Ensemble<br \/>\nOn the theme of &#8220;Peace&#8221;<\/h2>\n<p>This 6th edition has recorded 152 composers from 36 countries, whose original compositions were reviewed by a jury of 5 experts at the Maison du Japon in Paris from 4 to 16 September 2016. 19 works from 10 countries were selected for the final phases.<\/p>\n<p>These 19 finalists will be interpreted and defended in front of an international jury in public concerts, by<\/p>\n<p>&nbsp;<\/p>\n<p style=\"padding-left: 40px;\">Harmonie-batterie Municipale de Calais, direction Ludovic Hennequin<\/p>\n<p style=\"padding-left: 40px;\">Harmonie Municipale d&#8217;Outreau, direction Fabrice Gratien<\/p>\n<p style=\"padding-left: 40px;\">Harmonie Municipale de Calonne-Ricouart, direction Christian Bogaert<\/p>\n<p style=\"padding-left: 40px;\">Orchestre du 3\u00e8me cycle du Conservatoire \u00e0 rayonnement r\u00e9gional de Lille, direction Yves Tanguy<\/p>\n<p style=\"padding-left: 40px;\">Soci\u00e9t\u00e9 philharmonique de Linselles, direction Philippe Le Meur<\/p>\n<p style=\"padding-left: 40px;\">Harmonie Saint-Pierre d&#8217;Amiens, direction Herv\u00e9 Winckels<\/p>\n<p style=\"padding-left: 40px;\">Harmonie Municipale de Saint-Omer, direction Philippe Le Meur<\/p>\n<p style=\"padding-left: 40px;\">Coups de Vents Wind Orchestra \u2013 orchestre du Pas-de-Calais, direction Philippe Langlet<\/p>\n[\/vc_column_text][\/vc_column][\/vc_row]\n","protected":false},"excerpt":{"rendered":"<p>[vc_row][vc_column][vc_column_text] 6th edition of the International Composition Competition for Wind Ensemble On the theme of &#8220;Peace&#8221; This 6th edition has recorded 152 composers from 36 countries, whose original compositions were reviewed by a jury of 5 experts at the Maison&hellip;<\/p>\n","protected":false},"author":1,"featured_media":0,"parent":0,"menu_order":0,"comment_status":"closed","ping_status":"closed","template":"","meta":{"om_disable_all_campaigns":false,"_monsterinsights_skip_tracking":false,"_monsterinsights_sitenote_active":false,"_monsterinsights_sitenote_note":"","_monsterinsights_sitenote_category":0,"_uf_show_specific_survey":0,"_uf_disable_surveys":false},"yoast_head":"<!-- This site is optimized with the Yoast SEO plugin v20.8 - https:\/\/yoast.com\/wordpress\/plugins\/seo\/ -->\n<title>International Composition Competition - Archives 2018 - Coups de Vents<\/title>\n<meta name=\"robots\" content=\"index, follow, max-snippet:-1, max-image-preview:large, max-video-preview:-1\" \/>\n<link rel=\"canonical\" href=\"https:\/\/coupsdevents.com\/en\/concours-international-de-composition-archives-2018\/\" \/>\n<meta property=\"og:locale\" content=\"en_US\" \/>\n<meta property=\"og:type\" content=\"article\" \/>\n<meta property=\"og:title\" content=\"International Composition Competition - Archives 2018 - Coups de Vents\" \/>\n<meta property=\"og:description\" content=\"[vc_row][vc_column][vc_column_text] 6th edition of the International Composition Competition for Wind Ensemble On the theme of &#8220;Peace&#8221; This 6th edition has recorded 152 composers from 36 countries, whose original compositions were reviewed by a jury of 5 experts at the Maison&hellip;\" \/>\n<meta property=\"og:url\" content=\"https:\/\/coupsdevents.com\/en\/concours-international-de-composition-archives-2018\/\" \/>\n<meta property=\"og:site_name\" content=\"Coups de Vents\" \/>\n<meta property=\"article:publisher\" content=\"https:\/\/www.facebook.com\/coupsdeventsmusique\" \/>\n<meta property=\"article:modified_time\" content=\"2019-08-18T12:18:26+00:00\" \/>\n<meta name=\"twitter:card\" content=\"summary_large_image\" \/>\n<meta name=\"twitter:site\" content=\"@CoupsdeVents\" \/>\n<meta name=\"twitter:label1\" content=\"Est. reading time\" \/>\n\t<meta name=\"twitter:data1\" content=\"1 minute\" \/>\n<script type=\"application\/ld+json\" class=\"yoast-schema-graph\">{\"@context\":\"https:\/\/schema.org\",\"@graph\":[{\"@type\":\"WebPage\",\"@id\":\"https:\/\/coupsdevents.com\/en\/concours-international-de-composition-archives-2018\/\",\"url\":\"https:\/\/coupsdevents.com\/en\/concours-international-de-composition-archives-2018\/\",\"name\":\"International Composition Competition - Archives 2018 - Coups de Vents\",\"isPartOf\":{\"@id\":\"https:\/\/coupsdevents.com\/en\/#website\"},\"datePublished\":\"2019-08-13T12:39:54+00:00\",\"dateModified\":\"2019-08-18T12:18:26+00:00\",\"breadcrumb\":{\"@id\":\"https:\/\/coupsdevents.com\/en\/concours-international-de-composition-archives-2018\/#breadcrumb\"},\"inLanguage\":\"en-US\",\"potentialAction\":[{\"@type\":\"ReadAction\",\"target\":[\"https:\/\/coupsdevents.com\/en\/concours-international-de-composition-archives-2018\/\"]}]},{\"@type\":\"BreadcrumbList\",\"@id\":\"https:\/\/coupsdevents.com\/en\/concours-international-de-composition-archives-2018\/#breadcrumb\",\"itemListElement\":[{\"@type\":\"ListItem\",\"position\":1,\"name\":\"Accueil\",\"item\":\"https:\/\/coupsdevents.com\/en\/coups-de-vents\/\"},{\"@type\":\"ListItem\",\"position\":2,\"name\":\"International Composition Competition &#8211; Archives 2018\"}]},{\"@type\":\"WebSite\",\"@id\":\"https:\/\/coupsdevents.com\/en\/#website\",\"url\":\"https:\/\/coupsdevents.com\/en\/\",\"name\":\"Coups de Vents\",\"description\":\"Coups de Vents, concours international de composition, orchestre \u00e0 vent, formation de chefs d&#039;orchestres \u00e0 vents\",\"publisher\":{\"@id\":\"https:\/\/coupsdevents.com\/en\/#organization\"},\"potentialAction\":[{\"@type\":\"SearchAction\",\"target\":{\"@type\":\"EntryPoint\",\"urlTemplate\":\"https:\/\/coupsdevents.com\/en\/?s={search_term_string}\"},\"query-input\":\"required name=search_term_string\"}],\"inLanguage\":\"en-US\"},{\"@type\":\"Organization\",\"@id\":\"https:\/\/coupsdevents.com\/en\/#organization\",\"name\":\"Coups de Vents\",\"url\":\"https:\/\/coupsdevents.com\/en\/\",\"logo\":{\"@type\":\"ImageObject\",\"inLanguage\":\"en-US\",\"@id\":\"https:\/\/coupsdevents.com\/en\/#\/schema\/logo\/image\/\",\"url\":\"https:\/\/coupsdevents.com\/wp-content\/uploads\/2019\/03\/logo-CDV-petit.jpg\",\"contentUrl\":\"https:\/\/coupsdevents.com\/wp-content\/uploads\/2019\/03\/logo-CDV-petit.jpg\",\"width\":370,\"height\":196,\"caption\":\"Coups de Vents\"},\"image\":{\"@id\":\"https:\/\/coupsdevents.com\/en\/#\/schema\/logo\/image\/\"},\"sameAs\":[\"https:\/\/www.facebook.com\/coupsdeventsmusique\",\"https:\/\/twitter.com\/CoupsdeVents\",\"https:\/\/fr.linkedin.com\/pub\/association-coups-de-vents\/91\/579\/502\",\"https:\/\/www.youtube.com\/channel\/UCR2HDeBfThOjAjEUH_pxmQw\"]}]}<\/script>\n<!-- \/ Yoast SEO plugin. -->","yoast_head_json":{"title":"International Composition Competition - Archives 2018 - Coups de Vents","robots":{"index":"index","follow":"follow","max-snippet":"max-snippet:-1","max-image-preview":"max-image-preview:large","max-video-preview":"max-video-preview:-1"},"canonical":"https:\/\/coupsdevents.com\/en\/concours-international-de-composition-archives-2018\/","og_locale":"en_US","og_type":"article","og_title":"International Composition Competition - Archives 2018 - Coups de Vents","og_description":"[vc_row][vc_column][vc_column_text] 6th edition of the International Composition Competition for Wind Ensemble On the theme of &#8220;Peace&#8221; This 6th edition has recorded 152 composers from 36 countries, whose original compositions were reviewed by a jury of 5 experts at the Maison&hellip;","og_url":"https:\/\/coupsdevents.com\/en\/concours-international-de-composition-archives-2018\/","og_site_name":"Coups de Vents","article_publisher":"https:\/\/www.facebook.com\/coupsdeventsmusique","article_modified_time":"2019-08-18T12:18:26+00:00","twitter_card":"summary_large_image","twitter_site":"@CoupsdeVents","twitter_misc":{"Est. reading time":"1 minute"},"schema":{"@context":"https:\/\/schema.org","@graph":[{"@type":"WebPage","@id":"https:\/\/coupsdevents.com\/en\/concours-international-de-composition-archives-2018\/","url":"https:\/\/coupsdevents.com\/en\/concours-international-de-composition-archives-2018\/","name":"International Composition Competition - Archives 2018 - Coups de Vents","isPartOf":{"@id":"https:\/\/coupsdevents.com\/en\/#website"},"datePublished":"2019-08-13T12:39:54+00:00","dateModified":"2019-08-18T12:18:26+00:00","breadcrumb":{"@id":"https:\/\/coupsdevents.com\/en\/concours-international-de-composition-archives-2018\/#breadcrumb"},"inLanguage":"en-US","potentialAction":[{"@type":"ReadAction","target":["https:\/\/coupsdevents.com\/en\/concours-international-de-composition-archives-2018\/"]}]},{"@type":"BreadcrumbList","@id":"https:\/\/coupsdevents.com\/en\/concours-international-de-composition-archives-2018\/#breadcrumb","itemListElement":[{"@type":"ListItem","position":1,"name":"Accueil","item":"https:\/\/coupsdevents.com\/en\/coups-de-vents\/"},{"@type":"ListItem","position":2,"name":"International Composition Competition &#8211; Archives 2018"}]},{"@type":"WebSite","@id":"https:\/\/coupsdevents.com\/en\/#website","url":"https:\/\/coupsdevents.com\/en\/","name":"Coups de Vents","description":"Coups de Vents, concours international de composition, orchestre \u00e0 vent, formation de chefs d&#039;orchestres \u00e0 vents","publisher":{"@id":"https:\/\/coupsdevents.com\/en\/#organization"},"potentialAction":[{"@type":"SearchAction","target":{"@type":"EntryPoint","urlTemplate":"https:\/\/coupsdevents.com\/en\/?s={search_term_string}"},"query-input":"required name=search_term_string"}],"inLanguage":"en-US"},{"@type":"Organization","@id":"https:\/\/coupsdevents.com\/en\/#organization","name":"Coups de Vents","url":"https:\/\/coupsdevents.com\/en\/","logo":{"@type":"ImageObject","inLanguage":"en-US","@id":"https:\/\/coupsdevents.com\/en\/#\/schema\/logo\/image\/","url":"https:\/\/coupsdevents.com\/wp-content\/uploads\/2019\/03\/logo-CDV-petit.jpg","contentUrl":"https:\/\/coupsdevents.com\/wp-content\/uploads\/2019\/03\/logo-CDV-petit.jpg","width":370,"height":196,"caption":"Coups de Vents"},"image":{"@id":"https:\/\/coupsdevents.com\/en\/#\/schema\/logo\/image\/"},"sameAs":["https:\/\/www.facebook.com\/coupsdeventsmusique","https:\/\/twitter.com\/CoupsdeVents","https:\/\/fr.linkedin.com\/pub\/association-coups-de-vents\/91\/579\/502","https:\/\/www.youtube.com\/channel\/UCR2HDeBfThOjAjEUH_pxmQw"]}]}},"_links":{"self":[{"href":"https:\/\/coupsdevents.com\/en\/wp-json\/wp\/v2\/pages\/5888"}],"collection":[{"href":"https:\/\/coupsdevents.com\/en\/wp-json\/wp\/v2\/pages"}],"about":[{"href":"https:\/\/coupsdevents.com\/en\/wp-json\/wp\/v2\/types\/page"}],"author":[{"embeddable":true,"href":"https:\/\/coupsdevents.com\/en\/wp-json\/wp\/v2\/users\/1"}],"replies":[{"embeddable":true,"href":"https:\/\/coupsdevents.com\/en\/wp-json\/wp\/v2\/comments?post=5888"}],"version-history":[{"count":2,"href":"https:\/\/coupsdevents.com\/en\/wp-json\/wp\/v2\/pages\/5888\/revisions"}],"predecessor-version":[{"id":5898,"href":"https:\/\/coupsdevents.com\/en\/wp-json\/wp\/v2\/pages\/5888\/revisions\/5898"}],"wp:attachment":[{"href":"https:\/\/coupsdevents.com\/en\/wp-json\/wp\/v2\/media?parent=5888"}],"curies":[{"name":"wp","href":"https:\/\/api.w.org\/{rel}","templated":true}]}}